{"id":3,"date":"2009-09-15T22:49:55","date_gmt":"2009-09-15T18:49:55","guid":{"rendered":"http:\/\/schuhmerkle.de\/wordpress\/?page_id=3"},"modified":"2026-04-14T17:07:57","modified_gmt":"2026-04-14T15:07:57","slug":"das-unternehmen","status":"publish","type":"page","link":"https:\/\/www.schuhmerkle.de\/?page_id=3","title":{"rendered":"\u00dcber uns"},"content":{"rendered":"<p>Wir sind ein im Jahr 1950 gegr\u00fcndetes, inhabergef\u00fchrtes Traditionsunternehmen.<br \/>\nSie finden uns in Langenau in der Bahnhofstrasse 8\/1.<\/p>\n<p>Wir lieben Schuhe und legen sehr viel Wert darauf Ihnen eine qualitativ und<br \/>\nmodisch ansprechende Linie verschiedener Markenhersteller zu pr\u00e4sentieren.<\/p>\n<p>Qualifiziertes Fachpersonal, Freundlichkeit und ein umfassender Kundenservice<br \/>\nwerden in unserem Haus gro\u00df geschrieben.<\/p>\n<p>Wir f\u00fchren ein aktuelles und breit gef\u00e4chertes Angebot an Markenschuhen<br \/>\nf\u00fcr Damen, Herren und Kinder.<br \/>\nBei uns finden Sie nicht nur Trendmarken, sondern auch bequeme und sportliche Schuhe.<\/p>\n<p>Wir legen grossen Wert auf die Kinderschuhberatung, so dass auch Ihr Kind den<br \/>\npassenden Schuh findet.<\/p>\n<p>Bei uns finden Sie Schuhe f\u00fcr jeden Fuss und jede Gelegenheit.<\/p>\n<p>Erg\u00e4nzt wird unser Schuhangebot durch namenhafte Taschenfabrikate.<br \/>\nEbenfalls finden Sie bei uns Schuhpflegeprodukte.<\/p>\n<p>Komm Sie vorbei.<br \/>\nWir beraten Sie gerne!<\/p>\n<p>&nbsp;<\/p>\n","protected":false},"excerpt":{"rendered":"<p>Wir sind ein im Jahr 1950 gegr\u00fcndetes, inhabergef\u00fchrtes Traditionsunternehmen. Sie finden uns in Langenau in der Bahnhofstrasse 8\/1. Wir lieben Schuhe und legen sehr viel Wert darauf Ihnen eine qualitativ und modisch ansprechende Linie verschiedener Markenhersteller zu pr\u00e4sentieren. Qualifiziertes Fachpersonal, Freundlichkeit und ein umfassender Kundenservice werden in unserem Haus gro\u00df geschrieben. Wir f\u00fchren ein aktuelles&hellip;<\/p>\n","protected":false},"author":1,"featured_media":0,"parent":0,"menu_order":1,"comment_status":"closed","ping_status":"open","template":"","meta":{"ngg_post_thumbnail":0},"_links":{"self":[{"href":"https:\/\/www.schuhmerkle.de\/index.php?rest_route=\/wp\/v2\/pages\/3"}],"collection":[{"href":"https:\/\/www.schuhmerkle.de\/index.php?rest_route=\/wp\/v2\/pages"}],"about":[{"href":"https:\/\/www.schuhmerkle.de\/index.php?rest_route=\/wp\/v2\/types\/page"}],"author":[{"embeddable":true,"href":"https:\/\/www.schuhmerkle.de\/index.php?rest_route=\/wp\/v2\/users\/1"}],"replies":[{"embeddable":true,"href":"https:\/\/www.schuhmerkle.de\/index.php?rest_route=%2Fwp%2Fv2%2Fcomments&post=3"}],"version-history":[{"count":28,"href":"https:\/\/www.schuhmerkle.de\/index.php?rest_route=\/wp\/v2\/pages\/3\/revisions"}],"predecessor-version":[{"id":1550,"href":"https:\/\/www.schuhmerkle.de\/index.php?rest_route=\/wp\/v2\/pages\/3\/revisions\/1550"}],"wp:attachment":[{"href":"https:\/\/www.schuhmerkle.de\/index.php?rest_route=%2Fwp%2Fv2%2Fmedia&parent=3"}],"curies":[{"name":"wp","href":"https:\/\/api.w.org\/{rel}","templated":true}]}}