{"id":34,"date":"2009-09-15T23:20:07","date_gmt":"2009-09-15T19:20:07","guid":{"rendered":"http:\/\/schuhmerkle.de\/wordpress\/?page_id=34"},"modified":"2026-04-14T17:09:17","modified_gmt":"2026-04-14T15:09:17","slug":"impressum","status":"publish","type":"page","link":"http:\/\/www.schuhmerkle.de\/?page_id=34","title":{"rendered":"Impressum"},"content":{"rendered":"<p>Rechtliches zu unserer Homepage<\/p>\n<p>Schuh Merkle e.K.<br \/>\nInhaber: G\u00fcnther Scharpf<br \/>\nBahnhofstrasse 8\/1<br \/>\nD-89129 Langenau<br \/>\nTel.07345-6117<br \/>\nFax 07325-6104<br \/>\ninfo@schuhmerkle.de<\/p>\n<p>Inhaltlich Verantwortlicher gem\u00e4\u00df \u00a7 55 Abs.2 RStV<br \/>\nHerr G\u00fcnther Scharpf<\/p>\n<p>Registriergericht Ulm<br \/>\nRegistriernummer HRA 1116<br \/>\nUmsatzsteuer-Identifikationsnummer gem\u00e4\u00df \u00a7 27a Umsatzsteuergesetz:<br \/>\nDE145574361<\/p>\n<p>Verweise und Links<br \/>\nBei direkten oder indirekten Verweisen auf fremde Webseiten, die au\u00dferhalb<br \/>\nunseres Verantwortungsbereichs liegen, w\u00fcrde eine Haftungsverpflichtung<br \/>\nausschliesslich in dem Fall in Kraft treten, in dem der Medienhersteller von den<br \/>\nInhalten Kenntnis hat und es ihm technisch m\u00f6glich und zumutbar w\u00e4re,<br \/>\ndie Nutzung im Falle rechtswidriger Inhalte zu verhindern.<br \/>\nWir erkl\u00e4ren hiermitausdr\u00fccklich, dass zum Zeitpunkt der Linksetzung keine<br \/>\nillegalen Inhalte auf den verlinkten Seiten erkennbar waren. Auf die aktuelle<br \/>\noder zuk\u00fcnftige Gestaltung, die Inhalte oder die Urheberschaft der gelinkten<br \/>\nSeiten haben wir keinen Einfluss.&nbsp; Wir distanzieren uns hiermit ausdr\u00fccklich<br \/>\nvon allen Inhalten aller gelinkten Seiten, die nach der Linksetzung ver\u00e4ndert<br \/>\nwurden. Diese Feststellung gilt f\u00fcr alle innerhalb des eigenen Internetangebotes<br \/>\ngesetzten Links. F\u00fcr illegale, fehlerhafte oder unvollst\u00e4ndige Inhalte und auch<br \/>\nf\u00fcr die eventuelle Sch\u00e4den, die aus deren Nutzung entstehen k\u00f6nnten, haftet<br \/>\nallein der Anbieter der verlinkten Seite.<\/p>\n<p>Urheberrecht<br \/>\nDie durch die Seitenbetreiber erstellten Inhalte und Werke auf diesen Seiten<br \/>\nunterliegen dem deutschen Urheberrecht. Die Vervielf\u00e4ltigung,<br \/>\nBearbeitung, Verbreitung und jede Art der Verwertung au\u00dferhalb der<br \/>\nGrenzen des Urheberrechtes bed\u00fcrfen der schriftlichen Zustimmung des<br \/>\njeweiligen Autors bzw. Erstellers.<br \/>\nDownloads und Kopien dieser Seite sind nur f\u00fcr den privaten, nicht<br \/>\nkommerziellen Gebrauch gestattet.<br \/>\nSoweit die Inhalte auf dieser Seite nicht vom Betreiber erstellt wurden,<br \/>\nwerden die Urheberrechte Dritter beachtet. Insbesondere werden Inhalte<br \/>\nDritter als solche gekennzeichnet. Sollten Sie trotzdem auf eine<br \/>\nUrheberrechtsverletzung aufmerksam werden, bitten wir um einen<br \/>\nentsprechenden Hinweis. Bei Bekanntwerden von Rechtsverletzungen<br \/>\nwerden wir derartige Inhalte umgehend entfernen.<\/p>\n<p>Alternative Streitbeilegung f\u00fcr Verbraucher<br \/>\ngem\u00e4\u00df Art.14 Abs.1 ODR Verordung und \u00a736 VSBG<br \/>\nAn einem Streitbeilegungsverfahren von einer Verbraucherschlichtungsstelle<br \/>\nnehmen wir nicht teil. Die Europ\u00e4ische Kommission stellt f\u00fcr Verbraucher eine<br \/>\nPlatform zur Online-Streitbeilegung bereit. Sie finden diese unter<br \/>\nhttp:\/\/ec.europa.eu\/Consumers\/odr\/.<br \/>\nZur Teilnahme an einem Streitbeilegungsverfahren vor einer Verbraucherschlichtungsstelle sind wir nicht verpflichtet.<\/p>\n<p>&nbsp;<\/p>\n<p>&nbsp;<\/p>\n<p>&nbsp;<\/p>\n<p>&nbsp;<\/p>\n","protected":false},"excerpt":{"rendered":"<p>Rechtliches zu unserer Homepage Schuh Merkle e.K. Inhaber: G\u00fcnther Scharpf Bahnhofstrasse 8\/1 D-89129 Langenau Tel.07345-6117 Fax 07325-6104 info@schuhmerkle.de Inhaltlich Verantwortlicher gem\u00e4\u00df \u00a7 55 Abs.2 RStV Herr G\u00fcnther Scharpf Registriergericht Ulm Registriernummer HRA 1116 Umsatzsteuer-Identifikationsnummer gem\u00e4\u00df \u00a7 27a Umsatzsteuergesetz: DE145574361 Verweise und Links Bei direkten oder indirekten Verweisen auf fremde Webseiten, die au\u00dferhalb unseres Verantwortungsbereichs liegen,&hellip;<\/p>\n","protected":false},"author":1,"featured_media":0,"parent":0,"menu_order":7,"comment_status":"closed","ping_status":"open","template":"","meta":{"ngg_post_thumbnail":0},"_links":{"self":[{"href":"http:\/\/www.schuhmerkle.de\/index.php?rest_route=\/wp\/v2\/pages\/34"}],"collection":[{"href":"http:\/\/www.schuhmerkle.de\/index.php?rest_route=\/wp\/v2\/pages"}],"about":[{"href":"http:\/\/www.schuhmerkle.de\/index.php?rest_route=\/wp\/v2\/types\/page"}],"author":[{"embeddable":true,"href":"http:\/\/www.schuhmerkle.de\/index.php?rest_route=\/wp\/v2\/users\/1"}],"replies":[{"embeddable":true,"href":"http:\/\/www.schuhmerkle.de\/index.php?rest_route=%2Fwp%2Fv2%2Fcomments&post=34"}],"version-history":[{"count":25,"href":"http:\/\/www.schuhmerkle.de\/index.php?rest_route=\/wp\/v2\/pages\/34\/revisions"}],"predecessor-version":[{"id":999,"href":"http:\/\/www.schuhmerkle.de\/index.php?rest_route=\/wp\/v2\/pages\/34\/revisions\/999"}],"wp:attachment":[{"href":"http:\/\/www.schuhmerkle.de\/index.php?rest_route=%2Fwp%2Fv2%2Fmedia&parent=34"}],"curies":[{"name":"wp","href":"https:\/\/api.w.org\/{rel}","templated":true}]}}