{"id":290,"date":"2010-07-26T10:21:31","date_gmt":"2010-07-26T08:21:31","guid":{"rendered":"http:\/\/www.schuhmerkle.de\/?page_id=290"},"modified":"2025-07-03T10:18:44","modified_gmt":"2025-07-03T08:18:44","slug":"service","status":"publish","type":"page","link":"http:\/\/www.schuhmerkle.de\/?page_id=290","title":{"rendered":"Service"},"content":{"rendered":"<p>&nbsp;<\/p>\n<ul>\n<li><strong>Finn Comfort Bestellservice: <\/strong>Suchen Sie sich Ihr gew\u00fcnschtes Modell auf der <a title=\"Finn Comfort Homepage\" href=\"http:\/\/www.http:\/\/www.finncomfort.de\/\">Finn-Comfort Homepage<\/a> aus und wir bestellen es f\u00fcr Sie innerhalb weniger Tage.<\/li>\n<li><strong>Bargeldloses Zahlen<\/strong><\/li>\n<li><strong>Geschenkgutscheine<\/strong><\/li>\n<li><strong>Geschenkverpackung <\/strong>Wir verpacken Ihnen Ihre Eink\u00e4ufe als Geschenk kostenlos<\/li>\n<li><strong>Sammelbestellservice f\u00fcr Vereine:<\/strong> Gerne machen wir Ihnen ein unverbindliches Angebot f\u00fcr Ihre Vereinssammelbestellung zu verg\u00fcnstigten Konditionen.<\/li>\n<li><strong>Kinderfuss Messung<\/strong><\/li>\n<li><strong>Schuhpflegeprodukte:<\/strong> Beratung und Verkauf \u00fcber passende Pflegeprodukte f\u00fcr Ihre Schuhe.<\/li>\n<li><strong>Schuhreservierung<\/strong><\/li>\n<li><strong>Kostenfreie Parkpl\u00e4tze vor und hinter dem Haus<\/strong><\/li>\n<li><strong>Behindertengerechter Zugang<\/strong><\/li>\n<\/ul>\n","protected":false},"excerpt":{"rendered":"<p>&nbsp; Finn Comfort Bestellservice: Suchen Sie sich Ihr gew\u00fcnschtes Modell auf der Finn-Comfort Homepage aus und wir bestellen es f\u00fcr Sie innerhalb weniger Tage. Bargeldloses Zahlen Geschenkgutscheine Geschenkverpackung Wir verpacken Ihnen Ihre Eink\u00e4ufe als Geschenk kostenlos Sammelbestellservice f\u00fcr Vereine: Gerne machen wir Ihnen ein unverbindliches Angebot f\u00fcr Ihre Vereinssammelbestellung zu verg\u00fcnstigten Konditionen. Kinderfuss Messung Schuhpflegeprodukte:&hellip;<\/p>\n","protected":false},"author":1,"featured_media":0,"parent":0,"menu_order":5,"comment_status":"open","ping_status":"open","template":"","meta":{"ngg_post_thumbnail":0},"_links":{"self":[{"href":"http:\/\/www.schuhmerkle.de\/index.php?rest_route=\/wp\/v2\/pages\/290"}],"collection":[{"href":"http:\/\/www.schuhmerkle.de\/index.php?rest_route=\/wp\/v2\/pages"}],"about":[{"href":"http:\/\/www.schuhmerkle.de\/index.php?rest_route=\/wp\/v2\/types\/page"}],"author":[{"embeddable":true,"href":"http:\/\/www.schuhmerkle.de\/index.php?rest_route=\/wp\/v2\/users\/1"}],"replies":[{"embeddable":true,"href":"http:\/\/www.schuhmerkle.de\/index.php?rest_route=%2Fwp%2Fv2%2Fcomments&post=290"}],"version-history":[{"count":16,"href":"http:\/\/www.schuhmerkle.de\/index.php?rest_route=\/wp\/v2\/pages\/290\/revisions"}],"predecessor-version":[{"id":1517,"href":"http:\/\/www.schuhmerkle.de\/index.php?rest_route=\/wp\/v2\/pages\/290\/revisions\/1517"}],"wp:attachment":[{"href":"http:\/\/www.schuhmerkle.de\/index.php?rest_route=%2Fwp%2Fv2%2Fmedia&parent=290"}],"curies":[{"name":"wp","href":"https:\/\/api.w.org\/{rel}","templated":true}]}}